{"id":1368,"date":"2021-05-12T23:49:27","date_gmt":"2021-05-12T23:49:27","guid":{"rendered":"https:\/\/casas-da-serra.pt\/?page_id=1368"},"modified":"2021-05-19T10:32:05","modified_gmt":"2021-05-19T10:32:05","slug":"faq","status":"publish","type":"page","link":"https:\/\/casas-da-serra.pt\/pt\/faq\/","title":{"rendered":"FAQs"},"content":{"rendered":"<div class=\"wp-block-quick-and-easy-faqs-faqs-accordion-grouped\">            <div class=\"qae-faqs-container qae-faqs-toggle-container\">\n\t\t\t\t<h3 class=\"qe-faqs-group-title\">Check-in\/Check-out<\/h3>\t\t<div id=\"qaef-1359\" class=\"qe-faq-toggle check-in-check-out\">\n\t\t\t<div class=\"qe-toggle-title\">\n\t\t\t\t<h4>\n\t\t\t\t\t<i class=\"fa fa-minus-circle\"><\/i> A que horas posso fazer o check-in?\t\t\t\t<\/h4>\n\t\t\t<\/div>\n\t\t\t<div class=\"qe-toggle-content\">\n\t\t\t\t\n<p>O check-in pode ser feito a qualquer momento ap\u00f3s as 16h00. Por favor, avise-nos com anteced\u00eancia se voc\u00ea chegar depois das 20h00, para que possamos garantir que algu\u00e9m estar\u00e1 l\u00e1 para receb\u00ea-lo.<\/p>\n\t\t\t<\/div>\n\t\t<\/div>\n\t\t\t\t<div id=\"qaef-1389\" class=\"qe-faq-toggle check-in-check-out\">\n\t\t\t<div class=\"qe-toggle-title\">\n\t\t\t\t<h4>\n\t\t\t\t\t<i class=\"fa fa-minus-circle\"><\/i> A que horas devo fazer o check-out?\t\t\t\t<\/h4>\n\t\t\t<\/div>\n\t\t\t<div class=\"qe-toggle-content\">\n\t\t\t\t\n<p>O check-out pode ser feito a qualquer hora antes das 11h00.<\/p>\n\t\t\t<\/div>\n\t\t<\/div>\n\t\t\t\t<div id=\"qaef-1363\" class=\"qe-faq-toggle check-in-check-out\">\n\t\t\t<div class=\"qe-toggle-title\">\n\t\t\t\t<h4>\n\t\t\t\t\t<i class=\"fa fa-minus-circle\"><\/i> Posso solicitar um check-in antecipado?\t\t\t\t<\/h4>\n\t\t\t<\/div>\n\t\t\t<div class=\"qe-toggle-content\">\n\t\t\t\t\n<p class=\"translation-block\">O hor\u00e1rio normal de check-in \u00e9 \u00e0s 16h00. Se a sua casa estiver dispon\u00edvel antes do hor\u00e1rio padr\u00e3o de check-in, poder\u00e1 ser poss\u00edvel fazer um check-in antecipado. Entre em contacto connosco 2 dias antes da sua chegada para saber se a casa est\u00e1 dispon\u00edvel para check-in antecipado. \u00c9 poss\u00edvel fazer um check-in antecipado <strong>a partir das 08h00<\/strong>, dependendo da disponibilidade. A taxa para check-in antecipado \u00e9 de <strong>100 \u20ac<\/strong> na Casa do Troco e no Serro da Volta e de<strong> 60 \u20ac<\/strong> na Casa do P\u00e1tio e no Monte do Cansado.<\/p>\n\t\t\t<\/div>\n\t\t<\/div>\n\t\t\t\t<div id=\"qaef-1371\" class=\"qe-faq-toggle check-in-check-out\">\n\t\t\t<div class=\"qe-toggle-title\">\n\t\t\t\t<h4>\n\t\t\t\t\t<i class=\"fa fa-minus-circle\"><\/i> Gostaria de ficar um pouco mais. \u00c9 poss\u00edvel fazer o check-out mais tarde?\t\t\t\t<\/h4>\n\t\t\t<\/div>\n\t\t\t<div class=\"qe-toggle-content\">\n\t\t\t\t\n<p class=\"translation-block\">\u00c9 poss\u00edvel fazer o check-out tardio <strong>at\u00e9 \u00e0s 17h00<\/strong>, dependendo da disponibilidade. A taxa para check-out tardio \u00e9 de <strong>100 \u20ac<\/strong> na Casa do Troco e Serro da Volta e de <strong>60 \u20ac<\/strong> na Casa do P\u00e1tio e Monte do Cansado. Se desejar fazer o check-out ap\u00f3s as 17h00, entre em contacto connosco para reservar uma noite adicional na sua casa (mediante disponibilidade).<\/p>\n\t\t\t<\/div>\n\t\t<\/div>\n\t\t<h3 class=\"qe-faqs-group-title\">Servi\u00e7os e comodidades<\/h3>\t\t<div id=\"qaef-1444\" class=\"qe-faq-toggle services\">\n\t\t\t<div class=\"qe-toggle-title\">\n\t\t\t\t<h4>\n\t\t\t\t\t<i class=\"fa fa-minus-circle\"><\/i> Servem pequeno-almo\u00e7o e refei\u00e7\u00f5es?\t\t\t\t<\/h4>\n\t\t\t<\/div>\n\t\t\t<div class=\"qe-toggle-content\">\n\t\t\t\t\n<p>N\u00e3o, n\u00e3o oferecemos pequeno-almo\u00e7o ou refei\u00e7\u00f5es nas Casas da Serra. Cada uma das nossas casas tem uma cozinha totalmente equipada com tudo o que precisa para umas f\u00e9rias perfeitas em regime de self-catering.<\/p>\n\t\t\t<\/div>\n\t\t<\/div>\n\t\t\t\t<div id=\"qaef-1377\" class=\"qe-faq-toggle services\">\n\t\t\t<div class=\"qe-toggle-title\">\n\t\t\t\t<h4>\n\t\t\t\t\t<i class=\"fa fa-minus-circle\"><\/i> Tem um ber\u00e7o e\/ou cadeira alta?\t\t\t\t<\/h4>\n\t\t\t<\/div>\n\t\t\t<div class=\"qe-toggle-content\">\n\t\t\t\t\n<p>Ber\u00e7os e cadeiras altas est\u00e3o dispon\u00edveis gratuitamente, sujeitos \u00e0 disponibilidade. Ap\u00f3s fazer a reserva, entre em contacto connosco para adicionar um ber\u00e7o e\/ou cadeira alta \u00e0 reserva.<\/p>\n\t\t\t<\/div>\n\t\t<\/div>\n\t\t<h3 class=\"qe-faqs-group-title\">Sobre a sua casa<\/h3>\t\t<div id=\"qaef-1482\" class=\"qe-faq-toggle about-your-accomodation\">\n\t\t\t<div class=\"qe-toggle-title\">\n\t\t\t\t<h4>\n\t\t\t\t\t<i class=\"fa fa-minus-circle\"><\/i> Posso beber \u00e1gua da torneira?\t\t\t\t<\/h4>\n\t\t\t<\/div>\n\t\t\t<div class=\"qe-toggle-content\">\n\t\t\t\t\n<p>N\u00e3o, n\u00e3o recomendamos que beba \u00e1gua da torneira. A aldeia de Daroeira n\u00e3o est\u00e1 ligada ao sistema p\u00fablico de abastecimento de \u00e1gua. As casas recebem \u00e1gua de po\u00e7os locais. Cada uma das nossas casas tem o seu pr\u00f3prio sistema de desinfec\u00e7\u00e3o para garantir que a \u00e1gua da torneira \u00e9 adequada para cozinhar, tomar banho, lavar os dentes, etc., mas recomendamos que beba apenas \u00e1gua engarrafada.<\/p>\n\t\t\t<\/div>\n\t\t<\/div>\n\t\t\t\t<div id=\"qaef-1366\" class=\"qe-faq-toggle about-your-accomodation\">\n\t\t\t<div class=\"qe-toggle-title\">\n\t\t\t\t<h4>\n\t\t\t\t\t<i class=\"fa fa-minus-circle\"><\/i> Posso levar o meu animal de estima\u00e7\u00e3o para as Casas da Serra?\t\t\t\t<\/h4>\n\t\t\t<\/div>\n\t\t\t<div class=\"qe-toggle-content\">\n\t\t\t\t\n<p>N\u00e3o, animais de estima\u00e7\u00e3o n\u00e3o s\u00e3o permitidos nas Casas da Serra.<\/p>\n\t\t\t<\/div>\n\t\t<\/div>\n\t\t\t\t<div id=\"qaef-1440\" class=\"qe-faq-toggle about-your-accomodation\">\n\t\t\t<div class=\"qe-toggle-title\">\n\t\t\t\t<h4>\n\t\t\t\t\t<i class=\"fa fa-minus-circle\"><\/i> Onde posso colocar o meu lixo?\t\t\t\t<\/h4>\n\t\t\t<\/div>\n\t\t\t<div class=\"qe-toggle-content\">\n\t\t\t\t\n<p class=\"translation-block\">N\u00e3o h\u00e1 recolha de lixo nas Casas da Serra. <strong>Por favor, descarte todo o lixo num contentor municipal<\/strong>. O contentor mais pr\u00f3ximo fica entre as aldeias de Daroeira e Eir\u00f5es. Se quiser separar o lixo, encontrar\u00e1 contentores para vidro, papel e pl\u00e1stico perto do caf\u00e9 da aldeia de Eir\u00f5es. Ao fazer o check-out, por favor, n\u00e3o deixe lixo na casa ou nas instala\u00e7\u00f5es. Se desejar que a nossa equipa elimine o seu lixo, cobraremos uma <strong>taxa de 50 \u20ac por transporte<\/strong>.<\/p>\n\t\t\t<\/div>\n\t\t<\/div>\n\t\t\t\t<div id=\"qaef-1392\" class=\"qe-faq-toggle about-your-accomodation\">\n\t\t\t<div class=\"qe-toggle-title\">\n\t\t\t\t<h4>\n\t\t\t\t\t<i class=\"fa fa-minus-circle\"><\/i> A qualidade do Wi-Fi \u00e9 boa?\t\t\t\t<\/h4>\n\t\t\t<\/div>\n\t\t\t<div class=\"qe-toggle-content\">\n\t\t\t\t\n<p class=\"translation-block\">A internet sem fios \u00e9 fornecida atrav\u00e9s de uma antena exterior 4G ligada a um router Fritz!Box. A velocidade da internet pode variar. \u00c9 melhor em <a href=\"https:\/\/casas-da-serra.pt\/pt\/serro-da-volta\/\" data-type=\"\u201cpage\u201d\" data-id=\"\u201c158\u201d\" target=\"_self\">Serro da Volta<\/a>. Nas outras casas, muitas vezes conseguimos transmitir filmes e realizar videoconfer\u00eancias, mas h\u00e1 dias em que apenas o e-mail e a navega\u00e7\u00e3o na web funcionam de forma confi\u00e1vel. Os dados s\u00e3o ilimitados.<\/p>\n\t\t\t<\/div>\n\t\t<\/div>\n\t\t\t\t<div id=\"qaef-1449\" class=\"qe-faq-toggle about-your-accomodation\">\n\t\t\t<div class=\"qe-toggle-title\">\n\t\t\t\t<h4>\n\t\t\t\t\t<i class=\"fa fa-minus-circle\"><\/i> As casas t\u00eam ar condicionado?\t\t\t\t<\/h4>\n\t\t\t<\/div>\n\t\t\t<div class=\"qe-toggle-content\">\n\t\t\t\t\n<p>N\u00e3o, as nossas casas n\u00e3o t\u00eam ar condicionado. Tentamos manter o impacto ambiental das nossas casas o mais baixo poss\u00edvel. Em dias muito quentes, recomendamos que mantenha as persianas e janelas fechadas durante o dia. Quando a brisa mais fresca chegar no in\u00edcio da noite, abra as portas e janelas e ter\u00e1 uma temperatura confort\u00e1vel para a noite.<\/p>\n\t\t\t<\/div>\n\t\t<\/div>\n\t\t\t\t<div id=\"qaef-1442\" class=\"qe-faq-toggle about-your-accomodation\">\n\t\t\t<div class=\"qe-toggle-title\">\n\t\t\t\t<h4>\n\t\t\t\t\t<i class=\"fa fa-minus-circle\"><\/i> Podemos ter o nosso casamento, uma festa privada ou outro evento nas Casas da Serra?\t\t\t\t<\/h4>\n\t\t\t<\/div>\n\t\t\t<div class=\"qe-toggle-content\">\n\t\t\t\t\n<p>N\u00e3o, n\u00e3o s\u00e3o permitidos eventos nas Casas da Serra. <\/p>\n\t\t\t<\/div>\n\t\t<\/div>\n\t\t<h3 class=\"qe-faqs-group-title\">Sobre a localiza\u00e7\u00e3o das Casas da Serra Tavira<\/h3>\t\t<div id=\"qaef-1474\" class=\"qe-faq-toggle the-location\">\n\t\t\t<div class=\"qe-toggle-title\">\n\t\t\t\t<h4>\n\t\t\t\t\t<i class=\"fa fa-minus-circle\"><\/i> A que dist\u00e2ncia fica a praia?\t\t\t\t<\/h4>\n\t\t\t<\/div>\n\t\t\t<div class=\"qe-toggle-content\">\n\t\t\t\t\n<p class=\"translation-block\">As praias mais pr\u00f3ximas s\u00e3o a <a href=\"https:\/\/casas-da-serra.pt\/pt\/2019\/03\/16\/praia-da-fabrica-in-cacela-a-velha\/\" data-type=\"\u201cpost\u201d\" data-id=\"\u201868\u2019\" target=\"_self\">Praia da F\u00e1brica<\/a> e a <a href=\"https:\/\/ casas-da-serra.pt\/2020\/04\/30\/praia-de-cabanas\/\u201c data-type=\u201dpost\" target=\"_self\">Praia de Cabanas<\/a>. Ficam a 15 minutos de carro das Casas da Serra. Outras praias bonitas incluem a <a href=\"https:\/\/casas-da-serra.pt\/pt\/2019\/03\/23\/praia-do-barril\/\" data-type=\"\u201cpost\u201d\" data-id=\"\u201c150\u201d\" target=\"_self\">Praia do Barril<\/a>, Terra Estreita e <a href=\"https:\/\/casas-da-serra.pt\/pt\/2019\/04\/06\/praia-verde-a-great-place-for-a-sundowner\/\" data-type=\"\u201cpost\u201d\" data-id=\"\u201c679\u201d\" target=\"_self\">Praia Verde<\/a>, a 20-25 minutos de carro. Se for a Terra Estreita ou \u00e0 Praia do Barril, aproveite para almo\u00e7ar ou jantar num dos muitos restaurantes de polvo na aldeia de Santa Luzia ou no <a href=\"https:\/\/casas-da-serra.pt\/pt\/2022\/06\/05\/ where-and-what-to-eat-in-and-around-tavira\/\u201c data-type=\u2018post\u2019 data-id=\u201d1781\/\" target=\"_self\">Restaurante Capelo<\/a>, onde encontrar\u00e1 o peixe local mais fresco e saboroso.<\/p>\n\t\t\t<\/div>\n\t\t<\/div>\n\t\t\t\t<div id=\"qaef-1471\" class=\"qe-faq-toggle the-location\">\n\t\t\t<div class=\"qe-toggle-title\">\n\t\t\t\t<h4>\n\t\t\t\t\t<i class=\"fa fa-minus-circle\"><\/i> Onde fica o pr\u00f3ximo supermercado?\t\t\t\t<\/h4>\n\t\t\t<\/div>\n\t\t\t<div class=\"qe-toggle-content\">\n\t\t\t\t\n<p class=\"translation-block\">N\u00e3o h\u00e1 mercearias ou outras lojas na aldeia de Daroeira. Os supermercados ou mercearias mais pr\u00f3ximos ficam em Cabanas e Tavira, ambos a cerca de 15 minutos de carro das Casas da Serra. O melhor local para comprar peixe fresco, marisco, fruta e legumes \u00e9 o mercado municipal de Tavira. Est\u00e1 aberto de segunda a s\u00e1bado, das 7h \u00e0s 15h. Aqui est\u00e1 uma <a href=\"https:\/\/cm-tavira.pt\/site\/feiras-e-mercados\/\">lista dos mercados di\u00e1rios no munic\u00edpio de Tavira<\/a>.<\/p>\n\t\t\t<\/div>\n\t\t<\/div>\n\t\t\t\t<div id=\"qaef-1468\" class=\"qe-faq-toggle the-location\">\n\t\t\t<div class=\"qe-toggle-title\">\n\t\t\t\t<h4>\n\t\t\t\t\t<i class=\"fa fa-minus-circle\"><\/i> Preciso de um carro nas Casas da Serra?\t\t\t\t<\/h4>\n\t\t\t<\/div>\n\t\t\t<div class=\"qe-toggle-content\">\n\t\t\t\t\n<p>Sim, recomendamos vivamente que venha de carro. As Casas da Serra Tavira ficam a cerca de 15 minutos de carro de Tavira, Cabanas e das praias do Sotavento Algarvio. N\u00e3o h\u00e1 transportes p\u00fablicos e, se chamar um t\u00e1xi ou Uber, normalmente demoram entre 15 a 30 minutos a chegar.<\/p>\n\t\t\t<\/div>\n\t\t<\/div>\n\t\t<h3 class=\"qe-faqs-group-title\">Pol\u00edtica de cancelamento<\/h3>\t\t<div id=\"qaef-1396\" class=\"qe-faq-toggle cancellation-policy\">\n\t\t\t<div class=\"qe-toggle-title\">\n\t\t\t\t<h4>\n\t\t\t\t\t<i class=\"fa fa-minus-circle\"><\/i> Qual \u00e9 a vossa pol\u00edtica de cancelamento?\t\t\t\t<\/h4>\n\t\t\t<\/div>\n\t\t\t<div class=\"qe-toggle-content\">\n\t\t\t\t\n<p>As reservas podem ser canceladas gratuitamente at\u00e9 90 dias antes do primeiro dia da sua estadia. Se forem canceladas ap\u00f3s essa data, aplicam-se as seguintes regras de reembolso:<\/p>\n\n\n\n<ul class=\"wp-block-list\">\n<li>50% do sinal pago, se o cancelamento for feito mais de 60 dias antes da data de check-in<\/li>\n\n\n\n<li>25% se cancelado mais de 30 dias antes da data de check-in<\/li>\n\n\n\n<li>0% se cancelado menos de 30 dias antes da data de check-in<\/li>\n\n\n\n<li>A taxa de limpeza ser\u00e1 sempre reembolsada.<\/li>\n<\/ul>\n\t\t\t<\/div>\n\t\t<\/div>\n\t\t            <\/div>\n\t\t<\/div>","protected":false},"excerpt":{"rendered":"","protected":false},"author":4189185,"featured_media":1374,"parent":0,"menu_order":0,"comment_status":"closed","ping_status":"closed","template":"","meta":{"footnotes":""},"tags":[],"class_list":["post-1368","page","type-page","status-publish","has-post-thumbnail","hentry"],"jetpack_likes_enabled":true,"jetpack_sharing_enabled":true,"jetpack_shortlink":"https:\/\/wp.me\/P9F8Zw-m4","amp_enabled":true,"_links":{"self":[{"href":"https:\/\/casas-da-serra.pt\/pt\/wp-json\/wp\/v2\/pages\/1368","targetHints":{"allow":["GET"]}}],"collection":[{"href":"https:\/\/casas-da-serra.pt\/pt\/wp-json\/wp\/v2\/pages"}],"about":[{"href":"https:\/\/casas-da-serra.pt\/pt\/wp-json\/wp\/v2\/types\/page"}],"author":[{"embeddable":true,"href":"https:\/\/casas-da-serra.pt\/pt\/wp-json\/wp\/v2\/users\/4189185"}],"replies":[{"embeddable":true,"href":"https:\/\/casas-da-serra.pt\/pt\/wp-json\/wp\/v2\/comments?post=1368"}],"version-history":[{"count":5,"href":"https:\/\/casas-da-serra.pt\/pt\/wp-json\/wp\/v2\/pages\/1368\/revisions"}],"predecessor-version":[{"id":1387,"href":"https:\/\/casas-da-serra.pt\/pt\/wp-json\/wp\/v2\/pages\/1368\/revisions\/1387"}],"wp:featuredmedia":[{"embeddable":true,"href":"https:\/\/casas-da-serra.pt\/pt\/wp-json\/wp\/v2\/media\/1374"}],"wp:attachment":[{"href":"https:\/\/casas-da-serra.pt\/pt\/wp-json\/wp\/v2\/media?parent=1368"}],"wp:term":[{"taxonomy":"post_tag","embeddable":true,"href":"https:\/\/casas-da-serra.pt\/pt\/wp-json\/wp\/v2\/tags?post=1368"}],"curies":[{"name":"wp","href":"https:\/\/api.w.org\/{rel}","templated":true}]}}