{"id":1884,"date":"2022-06-07T02:44:27","date_gmt":"2022-06-07T02:44:27","guid":{"rendered":"https:\/\/casas-da-serra.pt\/?page_id=1884"},"modified":"2024-05-14T10:45:24","modified_gmt":"2024-05-14T10:45:24","slug":"menu-2","status":"publish","type":"page","link":"https:\/\/casas-da-serra.pt\/pt\/menu-2\/","title":{"rendered":"Menu"},"content":{"rendered":"<h3 class=\"wp-block-heading\">As nossas casas de f\u00e9rias<\/h3>\n\n\n\n<ul class=\"wp-block-list\">\n<li><a href=\"https:\/\/casas-da-serra.pt\/pt\/casa-do-patio\/\" data-type=\"page\" data-id=\"953\">Casa do P\u00e1tio<\/a><\/li>\n\n\n\n<li><a href=\"https:\/\/casas-da-serra.pt\/pt\/casa-do-troco\/\">Casa do Troco<\/a><\/li>\n\n\n\n<li><a href=\"https:\/\/casas-da-serra.pt\/pt\/monte-do-cansado\/\">Monte do Cansado<\/a><\/li>\n\n\n\n<li><a href=\"https:\/\/casas-da-serra.pt\/pt\/serro-da-volta\/\">Serro da Volta<\/a><\/li>\n<\/ul>\n\n\n\n<h3 class=\"wp-block-heading\">Dicas e recomenda\u00e7\u00f5es para os nossos h\u00f3spedes<\/h3>\n\n\n\n<ul class=\"wp-block-list\">\n<li><a href=\"https:\/\/casas-da-serra.pt\/pt\/2022\/06\/05\/where-and-what-to-eat-in-and-around-tavira\/\">Restaurantes em Tavira e arredores<\/a><\/li>\n\n\n\n<li><a href=\"https:\/\/casas-da-serra.pt\/pt\/2022\/06\/02\/activities-in-and-around-tavira\/\">Atividades em Tavira e arredores<\/a><\/li>\n\n\n\n<li><a href=\"https:\/\/casas-da-serra.pt\/pt\/2022\/06\/06\/a-very-subjective-guide-to-portuguese-wine\/\" data-type=\"post\" data-id=\"1825\">Breve guia do vinho portugu\u00eas<\/a><\/li>\n\n\n\n<li><a href=\"https:\/\/casas-da-serra.pt\/pt\/2022\/05\/29\/where-and-what-to-eat-in-lisbon\/\" data-type=\"post\" data-id=\"1699\">Restaurantes em Lisboa e arredores<\/a><\/li>\n<\/ul>\n\n\n\n<h3 class=\"wp-block-heading\">Tags<\/h3>\n\n\n\n<div class=\"wp-block-columns is-layout-flex wp-container-core-columns-is-layout-9d6595d7 wp-block-columns-is-layout-flex\">\n<div class=\"wp-block-column is-layout-flow wp-block-column-is-layout-flow\">\n<ul class=\"wp-block-list\">\n<li><a href=\"https:\/\/casas-da-serra.pt\/pt\/tag\/beaches\/\">Praias<\/a><\/li>\n\n\n\n<li><a href=\"https:\/\/casas-da-serra.pt\/pt\/tag\/cabanas\/\">Cabanas<\/a><\/li>\n\n\n\n<li><a href=\"https:\/\/casas-da-serra.pt\/pt\/tag\/cacela-a-velha\/\">Cacela-a-Velha<\/a><\/li>\n\n\n\n<li><a href=\"https:\/\/casas-da-serra.pt\/pt\/tag\/casa-do-patio\/\">Casa do P\u00e1tio<\/a><\/li>\n\n\n\n<li><a href=\"https:\/\/casas-da-serra.pt\/pt\/tag\/casa-do-troco\/\">Casa do Troco<\/a><\/li>\n\n\n\n<li><a href=\"https:\/\/casas-da-serra.pt\/pt\/tag\/casas-da-serra\/\">Casas da Serra<\/a><\/li>\n\n\n\n<li><a href=\"https:\/\/casas-da-serra.pt\/pt\/tag\/estremoz\/\">Estremoz<\/a><\/li>\n\n\n\n<li><a href=\"https:\/\/casas-da-serra.pt\/pt\/tag\/horseback-riding\/\">Passeios a cavalo<\/a><\/li>\n<\/ul>\n<\/div>\n\n\n\n<div class=\"wp-block-column is-layout-flow wp-block-column-is-layout-flow\">\n<ul class=\"wp-block-list\">\n<li><a href=\"https:\/\/casas-da-serra.pt\/pt\/tag\/beaches\/\">Lisboa<\/a><\/li>\n\n\n\n<li><a href=\"https:\/\/casas-da-serra.pt\/pt\/tag\/monte-do-cansado\/\">Monte do Cansado<\/a><\/li>\n\n\n\n<li><a href=\"https:\/\/casas-da-serra.pt\/pt\/tag\/our-holiday-houses\/\">As nossas casas de f\u00e9rias<\/a><\/li>\n\n\n\n<li><a href=\"https:\/\/casas-da-serra.pt\/pt\/tag\/places-to-visit\/\">Passeios<\/a><\/li>\n\n\n\n<li><a href=\"https:\/\/casas-da-serra.pt\/pt\/tag\/portugal-travel-tips\/\">Dicas de viagem para Portugal<\/a><\/li>\n\n\n\n<li><a href=\"https:\/\/casas-da-serra.pt\/pt\/tag\/praia-da-fabrica\/\">Praia da F\u00e1brica<\/a><\/li>\n\n\n\n<li><a href=\"https:\/\/casas-da-serra.pt\/pt\/tag\/praia-do-barril\/\">Praia do Barril<\/a><\/li>\n<\/ul>\n<\/div>\n\n\n\n<div class=\"wp-block-column is-layout-flow wp-block-column-is-layout-flow\">\n<ul class=\"wp-block-list\">\n<li><a href=\"https:\/\/casas-da-serra.pt\/pt\/tag\/beaches\/\">Praia Verde<\/a><\/li>\n\n\n\n<li><a href=\"https:\/\/casas-da-serra.pt\/pt\/tag\/press\/\">Casas da Serra nos media<\/a><\/li>\n\n\n\n<li><a href=\"https:\/\/casas-da-serra.pt\/pt\/tag\/restaurants\/\">Restaurantes<\/a><\/li>\n\n\n\n<li><a href=\"https:\/\/casas-da-serra.pt\/pt\/tag\/ria-formosa\/\">Ria Formosa<\/a><\/li>\n\n\n\n<li><a href=\"https:\/\/casas-da-serra.pt\/pt\/tag\/serro-da-volta\/\">Serro da Volta<\/a><\/li>\n\n\n\n<li><a href=\"https:\/\/casas-da-serra.pt\/pt\/tag\/wine\/\">Wine<\/a><\/li>\n<\/ul>\n<\/div>\n<\/div>","protected":false},"excerpt":{"rendered":"<p>Our holiday houses Tips and Recommendations for our guests Tags<\/p>","protected":false},"author":4189185,"featured_media":466,"parent":0,"menu_order":0,"comment_status":"closed","ping_status":"closed","template":"","meta":{"footnotes":""},"tags":[],"class_list":["post-1884","page","type-page","status-publish","has-post-thumbnail","hentry"],"jetpack_likes_enabled":true,"jetpack_sharing_enabled":true,"jetpack_shortlink":"https:\/\/wp.me\/P9F8Zw-uo","amp_enabled":true,"_links":{"self":[{"href":"https:\/\/casas-da-serra.pt\/pt\/wp-json\/wp\/v2\/pages\/1884","targetHints":{"allow":["GET"]}}],"collection":[{"href":"https:\/\/casas-da-serra.pt\/pt\/wp-json\/wp\/v2\/pages"}],"about":[{"href":"https:\/\/casas-da-serra.pt\/pt\/wp-json\/wp\/v2\/types\/page"}],"author":[{"embeddable":true,"href":"https:\/\/casas-da-serra.pt\/pt\/wp-json\/wp\/v2\/users\/4189185"}],"replies":[{"embeddable":true,"href":"https:\/\/casas-da-serra.pt\/pt\/wp-json\/wp\/v2\/comments?post=1884"}],"version-history":[{"count":23,"href":"https:\/\/casas-da-serra.pt\/pt\/wp-json\/wp\/v2\/pages\/1884\/revisions"}],"predecessor-version":[{"id":2666,"href":"https:\/\/casas-da-serra.pt\/pt\/wp-json\/wp\/v2\/pages\/1884\/revisions\/2666"}],"wp:featuredmedia":[{"embeddable":true,"href":"https:\/\/casas-da-serra.pt\/pt\/wp-json\/wp\/v2\/media\/466"}],"wp:attachment":[{"href":"https:\/\/casas-da-serra.pt\/pt\/wp-json\/wp\/v2\/media?parent=1884"}],"wp:term":[{"taxonomy":"post_tag","embeddable":true,"href":"https:\/\/casas-da-serra.pt\/pt\/wp-json\/wp\/v2\/tags?post=1884"}],"curies":[{"name":"wp","href":"https:\/\/api.w.org\/{rel}","templated":true}]}}