{"id":643,"date":"2019-05-02T03:08:07","date_gmt":"2019-05-02T03:08:07","guid":{"rendered":"https:\/\/casas-da-serra.pt\/?page_id=643"},"modified":"2021-05-24T11:23:02","modified_gmt":"2021-05-24T11:23:02","slug":"contact","status":"publish","type":"page","link":"https:\/\/casas-da-serra.pt\/pt\/contact\/","title":{"rendered":"Contacto"},"content":{"rendered":"\n<p>Casas da Serra Tavira<br>Lina de Lonet Delgado and Helge J\u00f6rgens<br>Cal\u00e7ada Marqu\u00eas de Abrantes, 62-2\u00b0<br>1200-719 Lisboa<br>Portugal<\/p>\n\n\n\n<p>Phone: +351-925 818 362<br>Email: <a href=\"mailto:casasdaserra.tavira@gmail.com\">casasdaserra.tavira [at] gmail.com<\/a><br>Instagram: <a href=\"http:\/\/www.instagram.com\/casasdaserra_tavira\/\">www.instagram.com\/casasdaserra_tavira\/<\/a><br>Facebook: <a href=\"http:\/\/www.facebook.com\/casasdaserra.tavira\/\">www.facebook.com\/casasdaserra.tavira\/<\/a><\/p>\n","protected":false},"excerpt":{"rendered":"<p>Casas da Serra TaviraLina de Lonet Delgado and Helge J\u00f6rgensCal\u00e7ada Marqu\u00eas de Abrantes, 62-2\u00b01200-719 LisboaPortugal Phone: +351-925 818 362Email: casasdaserra.tavira [at] gmail.comInstagram: <a href=\"http:\/\/www.instagram.com\/casasdaserra_tavira\/Facebook\" rel=\"nofollow\">http:\/\/www.instagram.com\/casasdaserra_tavira\/Facebook<\/a>: <a href=\"http:\/\/www.facebook.com\/casasdaserra.tavira\/\" rel=\"nofollow\">http:\/\/www.facebook.com\/casasdaserra.tavira\/<\/a><\/p>\n","protected":false},"author":4189185,"featured_media":530,"parent":0,"menu_order":0,"comment_status":"closed","ping_status":"closed","template":"","meta":{"jetpack_post_was_ever_published":false,"footnotes":""},"tags":[],"class_list":["post-643","page","type-page","status-publish","has-post-thumbnail","hentry"],"jetpack_likes_enabled":true,"jetpack_sharing_enabled":true,"jetpack_shortlink":"https:\/\/wp.me\/P9F8Zw-an","amp_enabled":true,"_links":{"self":[{"href":"https:\/\/casas-da-serra.pt\/pt\/wp-json\/wp\/v2\/pages\/643","targetHints":{"allow":["GET"]}}],"collection":[{"href":"https:\/\/casas-da-serra.pt\/pt\/wp-json\/wp\/v2\/pages"}],"about":[{"href":"https:\/\/casas-da-serra.pt\/pt\/wp-json\/wp\/v2\/types\/page"}],"author":[{"embeddable":true,"href":"https:\/\/casas-da-serra.pt\/pt\/wp-json\/wp\/v2\/users\/4189185"}],"replies":[{"embeddable":true,"href":"https:\/\/casas-da-serra.pt\/pt\/wp-json\/wp\/v2\/comments?post=643"}],"version-history":[{"count":5,"href":"https:\/\/casas-da-serra.pt\/pt\/wp-json\/wp\/v2\/pages\/643\/revisions"}],"predecessor-version":[{"id":1478,"href":"https:\/\/casas-da-serra.pt\/pt\/wp-json\/wp\/v2\/pages\/643\/revisions\/1478"}],"wp:featuredmedia":[{"embeddable":true,"href":"https:\/\/casas-da-serra.pt\/pt\/wp-json\/wp\/v2\/media\/530"}],"wp:attachment":[{"href":"https:\/\/casas-da-serra.pt\/pt\/wp-json\/wp\/v2\/media?parent=643"}],"wp:term":[{"taxonomy":"post_tag","embeddable":true,"href":"https:\/\/casas-da-serra.pt\/pt\/wp-json\/wp\/v2\/tags?post=643"}],"curies":[{"name":"wp","href":"https:\/\/api.w.org\/{rel}","templated":true}]}}